{"id":6,"date":"2015-04-22T10:07:59","date_gmt":"2015-04-22T09:07:59","guid":{"rendered":"http:\/\/lnx.www.hobbyoldcars.com\/demo\/?page_id=6"},"modified":"2022-01-17T00:38:46","modified_gmt":"2022-01-16T23:38:46","slug":"blog","status":"publish","type":"page","link":"https:\/\/www.hobbyoldcars.com\/en\/blog\/","title":{"rendered":"blog"},"content":{"rendered":"\t\t<div data-elementor-type=\"wp-page\" data-elementor-id=\"6\" class=\"elementor elementor-6\" data-elementor-post-type=\"page\">\n\t\t\t\t\t\t<section class=\"elementor-section elementor-top-section elementor-element elementor-element-2dbd87c elementor-section-boxed elementor-section-height-default elementor-section-height-default\" data-id=\"2dbd87c\" data-element_type=\"section\" data-e-type=\"section\">\n\t\t\t\t\t\t<div class=\"elementor-container elementor-column-gap-default\">\n\t\t\t\t\t<div class=\"elementor-column elementor-col-100 elementor-top-column elementor-element elementor-element-cbd70d8\" data-id=\"cbd70d8\" data-element_type=\"column\" data-e-type=\"column\">\n\t\t\t<div class=\"elementor-widget-wrap elementor-element-populated\">\n\t\t\t\t\t\t<div class=\"elementor-element elementor-element-dd562a7 elementor-grid-3 elementor-grid-tablet-2 elementor-grid-mobile-1 elementor-posts--thumbnail-top elementor-widget elementor-widget-posts\" data-id=\"dd562a7\" data-element_type=\"widget\" data-e-type=\"widget\" data-settings=\"{&quot;classic_columns&quot;:&quot;3&quot;,&quot;classic_columns_tablet&quot;:&quot;2&quot;,&quot;classic_columns_mobile&quot;:&quot;1&quot;,&quot;classic_row_gap&quot;:{&quot;unit&quot;:&quot;px&quot;,&quot;size&quot;:35,&quot;sizes&quot;:[]},&quot;classic_row_gap_tablet&quot;:{&quot;unit&quot;:&quot;px&quot;,&quot;size&quot;:&quot;&quot;,&quot;sizes&quot;:[]},&quot;classic_row_gap_mobile&quot;:{&quot;unit&quot;:&quot;px&quot;,&quot;size&quot;:&quot;&quot;,&quot;sizes&quot;:[]}}\" data-widget_type=\"posts.classic\">\n\t\t\t\t<div class=\"elementor-widget-container\">\n\t\t\t\t\t\t\t<div class=\"elementor-posts-container elementor-posts elementor-posts--skin-classic elementor-grid\" role=\"list\">\n\t\t\t\t<article class=\"elementor-post elementor-grid-item post-36347 post type-post status-publish format-standard has-post-thumbnail hentry category-coppia-conica\" role=\"listitem\">\n\t\t\t\t<a class=\"elementor-post__thumbnail__link\" href=\"https:\/\/www.hobbyoldcars.com\/en\/coppia-conica-trattore-riparare-conviene-ecco-perche-scegliere-il-ricambio-giusto-e-la-scelta-piu-intelligente\/\" tabindex=\"-1\" >\n\t\t\t<div class=\"elementor-post__thumbnail\"><img fetchpriority=\"high\" decoding=\"async\" width=\"600\" height=\"499\" src=\"https:\/\/www.hobbyoldcars.com\/wp-content\/uploads\/2022\/03\/COPPIA-CONICA-fiat-131-10X39.principale-600x499.jpg\" class=\"attachment-medium size-medium wp-image-34837\" alt=\"\" srcset=\"https:\/\/www.hobbyoldcars.com\/wp-content\/uploads\/2022\/03\/COPPIA-CONICA-fiat-131-10X39.principale-600x499.jpg 600w, https:\/\/www.hobbyoldcars.com\/wp-content\/uploads\/2022\/03\/COPPIA-CONICA-fiat-131-10X39.principale-462x384.jpg 462w, https:\/\/www.hobbyoldcars.com\/wp-content\/uploads\/2022\/03\/COPPIA-CONICA-fiat-131-10X39.principale-1024x851.jpg 1024w, https:\/\/www.hobbyoldcars.com\/wp-content\/uploads\/2022\/03\/COPPIA-CONICA-fiat-131-10X39.principale-300x249.jpg 300w, https:\/\/www.hobbyoldcars.com\/wp-content\/uploads\/2022\/03\/COPPIA-CONICA-fiat-131-10X39.principale-768x638.jpg 768w, https:\/\/www.hobbyoldcars.com\/wp-content\/uploads\/2022\/03\/COPPIA-CONICA-fiat-131-10X39.principale.jpg 1155w\" sizes=\"(max-width: 600px) 100vw, 600px\" \/><\/div>\n\t\t<\/a>\n\t\t\t\t<div class=\"elementor-post__text\">\n\t\t\t\t<h3 class=\"elementor-post__title\">\n\t\t\t<a href=\"https:\/\/www.hobbyoldcars.com\/en\/coppia-conica-trattore-riparare-conviene-ecco-perche-scegliere-il-ricambio-giusto-e-la-scelta-piu-intelligente\/\" >\n\t\t\t\tCoppia conica trattore: riparare conviene, ecco perch\u00e9 scegliere il ricambio giusto \u00e8 la scelta pi\u00f9 intelligente\t\t\t<\/a>\n\t\t<\/h3>\n\t\t\t\t<div class=\"elementor-post__meta-data\">\n\t\t\t\t\t<span class=\"elementor-post-date\">\n\t\t\t01\/10\/2025\t\t<\/span>\n\t\t\t\t<span class=\"elementor-post-avatar\">\n\t\t\tNo Comments\t\t<\/span>\n\t\t\t\t<\/div>\n\t\t\t\t<div class=\"elementor-post__excerpt\">\n\t\t\t\t\t<\/div>\n\t\t\n\t\t<a class=\"elementor-post__read-more\" href=\"https:\/\/www.hobbyoldcars.com\/en\/coppia-conica-trattore-riparare-conviene-ecco-perche-scegliere-il-ricambio-giusto-e-la-scelta-piu-intelligente\/\" aria-label=\"Read more about Coppia conica trattore: riparare conviene, ecco perch\u00e9 scegliere il ricambio giusto \u00e8 la scelta pi\u00f9 intelligente\" tabindex=\"-1\" >\n\t\t\tRead More \u00bb\t\t<\/a>\n\n\t\t\t\t<\/div>\n\t\t\t\t<\/article>\n\t\t\t\t<article class=\"elementor-post elementor-grid-item post-28380 post type-post status-publish format-standard has-post-thumbnail hentry category-impianto-elettrico\" role=\"listitem\">\n\t\t\t\t<a class=\"elementor-post__thumbnail__link\" href=\"https:\/\/www.hobbyoldcars.com\/en\/come-collegare-un-regolatore-ad-una-dinamo\/\" tabindex=\"-1\" >\n\t\t\t<div class=\"elementor-post__thumbnail\"><img decoding=\"async\" width=\"500\" height=\"360\" src=\"https:\/\/www.hobbyoldcars.com\/wp-content\/uploads\/2022\/12\/regolatore-dinamo-bosh.3.4.jpg\" class=\"attachment-medium size-medium wp-image-28403\" alt=\"\" srcset=\"https:\/\/www.hobbyoldcars.com\/wp-content\/uploads\/2022\/12\/regolatore-dinamo-bosh.3.4.jpg 500w, https:\/\/www.hobbyoldcars.com\/wp-content\/uploads\/2022\/12\/regolatore-dinamo-bosh.3.4-462x333.jpg 462w, https:\/\/www.hobbyoldcars.com\/wp-content\/uploads\/2022\/12\/regolatore-dinamo-bosh.3.4-300x216.jpg 300w\" sizes=\"(max-width: 500px) 100vw, 500px\" \/><\/div>\n\t\t<\/a>\n\t\t\t\t<div class=\"elementor-post__text\">\n\t\t\t\t<h3 class=\"elementor-post__title\">\n\t\t\t<a href=\"https:\/\/www.hobbyoldcars.com\/en\/come-collegare-un-regolatore-ad-una-dinamo\/\" >\n\t\t\t\tcome collegare un regolatore ad una dinamo\t\t\t<\/a>\n\t\t<\/h3>\n\t\t\t\t<div class=\"elementor-post__meta-data\">\n\t\t\t\t\t<span class=\"elementor-post-date\">\n\t\t\t01\/12\/2022\t\t<\/span>\n\t\t\t\t<span class=\"elementor-post-avatar\">\n\t\t\tNo Comments\t\t<\/span>\n\t\t\t\t<\/div>\n\t\t\t\t<div class=\"elementor-post__excerpt\">\n\t\t\t<p>Come collegare un regolatore ad una dinamo Nelle auto d&#8217; epoca per caricare la batteria\u00a0 si faceva uso di regolatori di tensione esterni, di tipo<\/p>\n\t\t<\/div>\n\t\t\n\t\t<a class=\"elementor-post__read-more\" href=\"https:\/\/www.hobbyoldcars.com\/en\/come-collegare-un-regolatore-ad-una-dinamo\/\" aria-label=\"Read more about come collegare un regolatore ad una dinamo\" tabindex=\"-1\" >\n\t\t\tRead More \u00bb\t\t<\/a>\n\n\t\t\t\t<\/div>\n\t\t\t\t<\/article>\n\t\t\t\t<article class=\"elementor-post elementor-grid-item post-25979 post type-post status-publish format-standard has-post-thumbnail hentry category-coppia-conica tag-coppia-conica-moto-agricola-valentini\" role=\"listitem\">\n\t\t\t\t<a class=\"elementor-post__thumbnail__link\" href=\"https:\/\/www.hobbyoldcars.com\/en\/coppie-coniche-per-macchine-valentini\/\" tabindex=\"-1\" >\n\t\t\t<div class=\"elementor-post__thumbnail\"><img decoding=\"async\" width=\"600\" height=\"536\" src=\"https:\/\/www.hobbyoldcars.com\/wp-content\/uploads\/2022\/04\/AUTOCARRO-VALENTINI.jpg\" class=\"attachment-medium size-medium wp-image-30967\" alt=\"\" srcset=\"https:\/\/www.hobbyoldcars.com\/wp-content\/uploads\/2022\/04\/AUTOCARRO-VALENTINI.jpg 600w, https:\/\/www.hobbyoldcars.com\/wp-content\/uploads\/2022\/04\/AUTOCARRO-VALENTINI-462x413.jpg 462w, https:\/\/www.hobbyoldcars.com\/wp-content\/uploads\/2022\/04\/AUTOCARRO-VALENTINI-300x268.jpg 300w\" sizes=\"(max-width: 600px) 100vw, 600px\" \/><\/div>\n\t\t<\/a>\n\t\t\t\t<div class=\"elementor-post__text\">\n\t\t\t\t<h3 class=\"elementor-post__title\">\n\t\t\t<a href=\"https:\/\/www.hobbyoldcars.com\/en\/coppie-coniche-per-macchine-valentini\/\" >\n\t\t\t\tcoppie coniche per Macchine Valentini\t\t\t<\/a>\n\t\t<\/h3>\n\t\t\t\t<div class=\"elementor-post__meta-data\">\n\t\t\t\t\t<span class=\"elementor-post-date\">\n\t\t\t21\/04\/2022\t\t<\/span>\n\t\t\t\t<span class=\"elementor-post-avatar\">\n\t\t\tNo Comments\t\t<\/span>\n\t\t\t\t<\/div>\n\t\t\t\t<div class=\"elementor-post__excerpt\">\n\t\t\t<p>Come tanti costruttori di macchine agricole anche la Valentini utilizzava coppie coniche provenienti da autovetture fuori uso, in particolare\u00a0 utilizzava\u00a0 per il ponte posteriore coppie<\/p>\n\t\t<\/div>\n\t\t\n\t\t<a class=\"elementor-post__read-more\" href=\"https:\/\/www.hobbyoldcars.com\/en\/coppie-coniche-per-macchine-valentini\/\" aria-label=\"Read more about coppie coniche per Macchine Valentini\" tabindex=\"-1\" >\n\t\t\tRead More \u00bb\t\t<\/a>\n\n\t\t\t\t<\/div>\n\t\t\t\t<\/article>\n\t\t\t\t<article class=\"elementor-post elementor-grid-item post-24641 post type-post status-publish format-standard has-post-thumbnail hentry category-coppia-conica category-scatola-differenziale\" role=\"listitem\">\n\t\t\t\t<a class=\"elementor-post__thumbnail__link\" href=\"https:\/\/www.hobbyoldcars.com\/en\/differenze-tra-planetari-per-fiat-1100-103\/\" tabindex=\"-1\" >\n\t\t\t<div class=\"elementor-post__thumbnail\"><img loading=\"lazy\" decoding=\"async\" width=\"580\" height=\"600\" src=\"https:\/\/www.hobbyoldcars.com\/wp-content\/uploads\/2022\/03\/scatola-planetari-differenziale-fiat-1100-103-580x600.jpg\" class=\"attachment-medium size-medium wp-image-31549\" alt=\"\" srcset=\"https:\/\/www.hobbyoldcars.com\/wp-content\/uploads\/2022\/03\/scatola-planetari-differenziale-fiat-1100-103-580x600.jpg 580w, https:\/\/www.hobbyoldcars.com\/wp-content\/uploads\/2022\/03\/scatola-planetari-differenziale-fiat-1100-103-462x478.jpg 462w, https:\/\/www.hobbyoldcars.com\/wp-content\/uploads\/2022\/03\/scatola-planetari-differenziale-fiat-1100-103-990x1024.jpg 990w, https:\/\/www.hobbyoldcars.com\/wp-content\/uploads\/2022\/03\/scatola-planetari-differenziale-fiat-1100-103-290x300.jpg 290w, https:\/\/www.hobbyoldcars.com\/wp-content\/uploads\/2022\/03\/scatola-planetari-differenziale-fiat-1100-103-768x794.jpg 768w, https:\/\/www.hobbyoldcars.com\/wp-content\/uploads\/2022\/03\/scatola-planetari-differenziale-fiat-1100-103.jpg 1406w\" sizes=\"(max-width: 580px) 100vw, 580px\" \/><\/div>\n\t\t<\/a>\n\t\t\t\t<div class=\"elementor-post__text\">\n\t\t\t\t<h3 class=\"elementor-post__title\">\n\t\t\t<a href=\"https:\/\/www.hobbyoldcars.com\/en\/differenze-tra-planetari-per-fiat-1100-103\/\" >\n\t\t\t\tDifferenze tra planetari per Fiat 1100 103\t\t\t<\/a>\n\t\t<\/h3>\n\t\t\t\t<div class=\"elementor-post__meta-data\">\n\t\t\t\t\t<span class=\"elementor-post-date\">\n\t\t\t03\/03\/2022\t\t<\/span>\n\t\t\t\t<span class=\"elementor-post-avatar\">\n\t\t\tNo Comments\t\t<\/span>\n\t\t\t\t<\/div>\n\t\t\t\t<div class=\"elementor-post__excerpt\">\n\t\t\t<p>la scatola planetari del fiat 1100-103, oltre che per le vetture,\u00a0 \u00e8 stata utilizzata da\u00a0 diversi costruttori di macchine agricole ( nella foto sono riportati<\/p>\n\t\t<\/div>\n\t\t\n\t\t<a class=\"elementor-post__read-more\" href=\"https:\/\/www.hobbyoldcars.com\/en\/differenze-tra-planetari-per-fiat-1100-103\/\" aria-label=\"Read more about Differenze tra planetari per Fiat 1100 103\" tabindex=\"-1\" >\n\t\t\tRead More \u00bb\t\t<\/a>\n\n\t\t\t\t<\/div>\n\t\t\t\t<\/article>\n\t\t\t\t<article class=\"elementor-post elementor-grid-item post-23925 post type-post status-publish format-standard has-post-thumbnail hentry category-motorino-avvaimento tag-motorino-di-avviamento tag-auto-depoca\" role=\"listitem\">\n\t\t\t\t<a class=\"elementor-post__thumbnail__link\" href=\"https:\/\/www.hobbyoldcars.com\/en\/informazioni-per-la-ricerca-di-un-motorino-di-avviamento\/\" tabindex=\"-1\" >\n\t\t\t<div class=\"elementor-post__thumbnail\"><img loading=\"lazy\" decoding=\"async\" width=\"600\" height=\"450\" src=\"https:\/\/www.hobbyoldcars.com\/wp-content\/uploads\/2023\/07\/motorino-bosch-mercedes.1-600x450.jpg\" class=\"attachment-medium size-medium wp-image-33612\" alt=\"\" srcset=\"https:\/\/www.hobbyoldcars.com\/wp-content\/uploads\/2023\/07\/motorino-bosch-mercedes.1-600x450.jpg 600w, https:\/\/www.hobbyoldcars.com\/wp-content\/uploads\/2023\/07\/motorino-bosch-mercedes.1-462x347.jpg 462w, https:\/\/www.hobbyoldcars.com\/wp-content\/uploads\/2023\/07\/motorino-bosch-mercedes.1-300x225.jpg 300w, https:\/\/www.hobbyoldcars.com\/wp-content\/uploads\/2023\/07\/motorino-bosch-mercedes.1-768x576.jpg 768w, https:\/\/www.hobbyoldcars.com\/wp-content\/uploads\/2023\/07\/motorino-bosch-mercedes.1.jpg 1024w\" sizes=\"(max-width: 600px) 100vw, 600px\" \/><\/div>\n\t\t<\/a>\n\t\t\t\t<div class=\"elementor-post__text\">\n\t\t\t\t<h3 class=\"elementor-post__title\">\n\t\t\t<a href=\"https:\/\/www.hobbyoldcars.com\/en\/informazioni-per-la-ricerca-di-un-motorino-di-avviamento\/\" >\n\t\t\t\tinformazioni per la ricerca di un motorino di avviamento\t\t\t<\/a>\n\t\t<\/h3>\n\t\t\t\t<div class=\"elementor-post__meta-data\">\n\t\t\t\t\t<span class=\"elementor-post-date\">\n\t\t\t08\/02\/2022\t\t<\/span>\n\t\t\t\t<span class=\"elementor-post-avatar\">\n\t\t\tNo Comments\t\t<\/span>\n\t\t\t\t<\/div>\n\t\t\t\t<div class=\"elementor-post__excerpt\">\n\t\t\t<p>QUALCHE CONSIGLIO UTILE PER LA RICERCA DI UN MOTORINO DI AVVIAMENTO Se sei alla\u00a0 ricerca di\u00a0 un motorino di avviamento per\u00a0 la tua auto d&#8217;epoca,<\/p>\n\t\t<\/div>\n\t\t\n\t\t<a class=\"elementor-post__read-more\" href=\"https:\/\/www.hobbyoldcars.com\/en\/informazioni-per-la-ricerca-di-un-motorino-di-avviamento\/\" aria-label=\"Read more about informazioni per la ricerca di un motorino di avviamento\" tabindex=\"-1\" >\n\t\t\tRead More \u00bb\t\t<\/a>\n\n\t\t\t\t<\/div>\n\t\t\t\t<\/article>\n\t\t\t\t<article class=\"elementor-post elementor-grid-item post-21934 post type-post status-publish format-standard has-post-thumbnail hentry category-ponte-differenziale marchio_modello-alfa-romeo marchio_modello-giulia\" role=\"listitem\">\n\t\t\t\t<a class=\"elementor-post__thumbnail__link\" href=\"https:\/\/www.hobbyoldcars.com\/en\/differenze-tra-un-ponte-giulia-2000-e-giulia-1300-1600-1750\/\" tabindex=\"-1\" >\n\t\t\t<div class=\"elementor-post__thumbnail\"><img loading=\"lazy\" decoding=\"async\" width=\"277\" height=\"600\" src=\"https:\/\/www.hobbyoldcars.com\/wp-content\/uploads\/2021\/08\/gruppo-differenziale-giulia-di-un-cliente-1-277x600.jpg\" class=\"attachment-medium size-medium wp-image-35025\" alt=\"\" srcset=\"https:\/\/www.hobbyoldcars.com\/wp-content\/uploads\/2021\/08\/gruppo-differenziale-giulia-di-un-cliente-1-277x600.jpg 277w, https:\/\/www.hobbyoldcars.com\/wp-content\/uploads\/2021\/08\/gruppo-differenziale-giulia-di-un-cliente-1-462x1000.jpg 462w, https:\/\/www.hobbyoldcars.com\/wp-content\/uploads\/2021\/08\/gruppo-differenziale-giulia-di-un-cliente-1-139x300.jpg 139w, https:\/\/www.hobbyoldcars.com\/wp-content\/uploads\/2021\/08\/gruppo-differenziale-giulia-di-un-cliente-1.jpg 473w\" sizes=\"(max-width: 277px) 100vw, 277px\" \/><\/div>\n\t\t<\/a>\n\t\t\t\t<div class=\"elementor-post__text\">\n\t\t\t\t<h3 class=\"elementor-post__title\">\n\t\t\t<a href=\"https:\/\/www.hobbyoldcars.com\/en\/differenze-tra-un-ponte-giulia-2000-e-giulia-1300-1600-1750\/\" >\n\t\t\t\tdifferenze tra un ponte giulia 2000 e giulia 1300-1600 -1750\t\t\t<\/a>\n\t\t<\/h3>\n\t\t\t\t<div class=\"elementor-post__meta-data\">\n\t\t\t\t\t<span class=\"elementor-post-date\">\n\t\t\t16\/08\/2021\t\t<\/span>\n\t\t\t\t<span class=\"elementor-post-avatar\">\n\t\t\tNo Comments\t\t<\/span>\n\t\t\t\t<\/div>\n\t\t\t\t<div class=\"elementor-post__excerpt\">\n\t\t\t<p>QUALI SONO LE DIFFERENZE TRA I PONTI ALFA 2000 &#8211; ALFA ROMEO GIULIA serie 105 &#8211; GIULIETTA facciamo un\u00a0 confronto tra i\u00a0 vari modelli di<\/p>\n\t\t<\/div>\n\t\t\n\t\t<a class=\"elementor-post__read-more\" href=\"https:\/\/www.hobbyoldcars.com\/en\/differenze-tra-un-ponte-giulia-2000-e-giulia-1300-1600-1750\/\" aria-label=\"Read more about differenze tra un ponte giulia 2000 e giulia 1300-1600 -1750\" tabindex=\"-1\" >\n\t\t\tRead More \u00bb\t\t<\/a>\n\n\t\t\t\t<\/div>\n\t\t\t\t<\/article>\n\t\t\t\t<\/div>\n\t\t\n\t\t\t\t\t\t<\/div>\n\t\t\t\t<\/div>\n\t\t\t\t\t<\/div>\n\t\t<\/div>\n\t\t\t\t\t<\/div>\n\t\t<\/section>\n\t\t\t\t<\/div>\n\t\t","protected":false},"excerpt":{"rendered":"","protected":false},"author":1,"featured_media":0,"parent":0,"menu_order":0,"comment_status":"closed","ping_status":"open","template":"","meta":{"_acf_changed":false,"site-sidebar-layout":"no-sidebar","site-content-layout":"page-builder","ast-site-content-layout":"default","site-content-style":"default","site-sidebar-style":"default","ast-global-header-display":"","ast-banner-title-visibility":"","ast-main-header-display":"","ast-hfb-above-header-display":"","ast-hfb-below-header-display":"","ast-hfb-mobile-header-display":"","site-post-title":"disabled","ast-breadcrumbs-content":"","ast-featured-img":"disabled","footer-sml-layout":"","ast-disable-related-posts":"","theme-transparent-header-meta":"default","adv-header-id-meta":"","stick-header-meta":"","header-above-stick-meta":"","header-main-stick-meta":"","header-below-stick-meta":"","astra-migrate-meta-layouts":"default","ast-page-background-enabled":"default","ast-page-background-meta":{"desktop":{"background-color":"","background-image":"","background-repeat":"repeat","background-position":"center center","background-size":"auto","background-attachment":"scroll","background-type":"","background-media":"","overlay-type":"","overlay-color":"","overlay-opacity":"","overlay-gradient":""},"tablet":{"background-color":"","background-image":"","background-repeat":"repeat","background-position":"center center","background-size":"auto","background-attachment":"scroll","background-type":"","background-media":"","overlay-type":"","overlay-color":"","overlay-opacity":"","overlay-gradient":""},"mobile":{"background-color":"","background-image":"","background-repeat":"repeat","background-position":"center center","background-size":"auto","background-attachment":"scroll","background-type":"","background-media":"","overlay-type":"","overlay-color":"","overlay-opacity":"","overlay-gradient":""}},"ast-content-background-meta":{"desktop":{"background-color":"var(--ast-global-color-5)","background-image":"","background-repeat":"repeat","background-position":"center center","background-size":"auto","background-attachment":"scroll","background-type":"","background-media":"","overlay-type":"","overlay-color":"","overlay-opacity":"","overlay-gradient":""},"tablet":{"background-color":"var(--ast-global-color-5)","background-image":"","background-repeat":"repeat","background-position":"center center","background-size":"auto","background-attachment":"scroll","background-type":"","background-media":"","overlay-type":"","overlay-color":"","overlay-opacity":"","overlay-gradient":""},"mobile":{"background-color":"var(--ast-global-color-5)","background-image":"","background-repeat":"repeat","background-position":"center center","background-size":"auto","background-attachment":"scroll","background-type":"","background-media":"","overlay-type":"","overlay-color":"","overlay-opacity":"","overlay-gradient":""}},"footnotes":""},"marchio_modello":[],"class_list":["post-6","page","type-page","status-publish","hentry"],"acf":[],"yoast_head":"<!-- This site is optimized with the Yoast SEO plugin v27.6 - https:\/\/yoast.com\/product\/yoast-seo-wordpress\/ -->\n<title>blog - sales of spare parts<\/title>\n<meta name=\"robots\" content=\"index, follow, max-snippet:-1, max-image-preview:large, max-video-preview:-1\" \/>\n<link rel=\"canonical\" href=\"https:\/\/www.hobbyoldcars.com\/en\/blog\/\" \/>\n<meta property=\"og:locale\" content=\"en_US\" \/>\n<meta property=\"og:type\" content=\"article\" \/>\n<meta property=\"og:title\" content=\"blog - sales of spare parts\" \/>\n<meta property=\"og:url\" content=\"https:\/\/www.hobbyoldcars.com\/en\/blog\/\" \/>\n<meta property=\"og:site_name\" content=\"sales of spare parts\" \/>\n<meta property=\"article:publisher\" content=\"https:\/\/www.facebook.com\/Hobbyoldcarscom\/\" \/>\n<meta property=\"article:modified_time\" content=\"2022-01-16T23:38:46+00:00\" \/>\n<meta name=\"twitter:card\" content=\"summary_large_image\" \/>\n<script type=\"application\/ld+json\" class=\"yoast-schema-graph\">{\"@context\":\"https:\\\/\\\/schema.org\",\"@graph\":[{\"@type\":\"WebPage\",\"@id\":\"https:\\\/\\\/www.hobbyoldcars.com\\\/en\\\/blog\\\/\",\"url\":\"https:\\\/\\\/www.hobbyoldcars.com\\\/en\\\/blog\\\/\",\"name\":\"blog - sales of spare parts\",\"isPartOf\":{\"@id\":\"https:\\\/\\\/www.hobbyoldcars.com\\\/en\\\/#website\"},\"datePublished\":\"2015-04-22T09:07:59+00:00\",\"dateModified\":\"2022-01-16T23:38:46+00:00\",\"breadcrumb\":{\"@id\":\"https:\\\/\\\/www.hobbyoldcars.com\\\/en\\\/blog\\\/#breadcrumb\"},\"inLanguage\":\"en-US\",\"potentialAction\":[{\"@type\":\"ReadAction\",\"target\":[\"https:\\\/\\\/www.hobbyoldcars.com\\\/en\\\/blog\\\/\"]}]},{\"@type\":\"BreadcrumbList\",\"@id\":\"https:\\\/\\\/www.hobbyoldcars.com\\\/en\\\/blog\\\/#breadcrumb\",\"itemListElement\":[{\"@type\":\"ListItem\",\"position\":1,\"name\":\"Home\",\"item\":\"https:\\\/\\\/www.hobbyoldcars.com\\\/en\\\/\"},{\"@type\":\"ListItem\",\"position\":2,\"name\":\"blog\"}]},{\"@type\":\"WebSite\",\"@id\":\"https:\\\/\\\/www.hobbyoldcars.com\\\/en\\\/#website\",\"url\":\"https:\\\/\\\/www.hobbyoldcars.com\\\/en\\\/\",\"name\":\"sales of spare parts\",\"description\":\"alfa romeo, fiat, lancia, spare classic-cars\",\"publisher\":{\"@id\":\"https:\\\/\\\/www.hobbyoldcars.com\\\/en\\\/#organization\"},\"potentialAction\":[{\"@type\":\"SearchAction\",\"target\":{\"@type\":\"EntryPoint\",\"urlTemplate\":\"https:\\\/\\\/www.hobbyoldcars.com\\\/en\\\/?s={search_term_string}\"},\"query-input\":{\"@type\":\"PropertyValueSpecification\",\"valueRequired\":true,\"valueName\":\"search_term_string\"}}],\"inLanguage\":\"en-US\"},{\"@type\":\"Organization\",\"@id\":\"https:\\\/\\\/www.hobbyoldcars.com\\\/en\\\/#organization\",\"name\":\"sales of spare parts\",\"url\":\"https:\\\/\\\/www.hobbyoldcars.com\\\/en\\\/\",\"logo\":{\"@type\":\"ImageObject\",\"inLanguage\":\"en-US\",\"@id\":\"https:\\\/\\\/www.hobbyoldcars.com\\\/en\\\/#\\\/schema\\\/logo\\\/image\\\/\",\"url\":\"https:\\\/\\\/www.hobbyoldcars.com\\\/wp-content\\\/uploads\\\/2020\\\/02\\\/cropped-logo-per-sito.jpg\",\"contentUrl\":\"https:\\\/\\\/www.hobbyoldcars.com\\\/wp-content\\\/uploads\\\/2020\\\/02\\\/cropped-logo-per-sito.jpg\",\"width\":271,\"height\":109,\"caption\":\"sales of spare parts\"},\"image\":{\"@id\":\"https:\\\/\\\/www.hobbyoldcars.com\\\/en\\\/#\\\/schema\\\/logo\\\/image\\\/\"},\"sameAs\":[\"https:\\\/\\\/www.facebook.com\\\/Hobbyoldcarscom\\\/\"]}]}<\/script>\n<!-- \/ Yoast SEO plugin. -->","yoast_head_json":{"title":"blog - sales of spare parts","robots":{"index":"index","follow":"follow","max-snippet":"max-snippet:-1","max-image-preview":"max-image-preview:large","max-video-preview":"max-video-preview:-1"},"canonical":"https:\/\/www.hobbyoldcars.com\/en\/blog\/","og_locale":"en_US","og_type":"article","og_title":"blog - sales of spare parts","og_url":"https:\/\/www.hobbyoldcars.com\/en\/blog\/","og_site_name":"sales of spare parts","article_publisher":"https:\/\/www.facebook.com\/Hobbyoldcarscom\/","article_modified_time":"2022-01-16T23:38:46+00:00","twitter_card":"summary_large_image","schema":{"@context":"https:\/\/schema.org","@graph":[{"@type":"WebPage","@id":"https:\/\/www.hobbyoldcars.com\/en\/blog\/","url":"https:\/\/www.hobbyoldcars.com\/en\/blog\/","name":"blog - sales of spare parts","isPartOf":{"@id":"https:\/\/www.hobbyoldcars.com\/en\/#website"},"datePublished":"2015-04-22T09:07:59+00:00","dateModified":"2022-01-16T23:38:46+00:00","breadcrumb":{"@id":"https:\/\/www.hobbyoldcars.com\/en\/blog\/#breadcrumb"},"inLanguage":"en-US","potentialAction":[{"@type":"ReadAction","target":["https:\/\/www.hobbyoldcars.com\/en\/blog\/"]}]},{"@type":"BreadcrumbList","@id":"https:\/\/www.hobbyoldcars.com\/en\/blog\/#breadcrumb","itemListElement":[{"@type":"ListItem","position":1,"name":"Home","item":"https:\/\/www.hobbyoldcars.com\/en\/"},{"@type":"ListItem","position":2,"name":"blog"}]},{"@type":"WebSite","@id":"https:\/\/www.hobbyoldcars.com\/en\/#website","url":"https:\/\/www.hobbyoldcars.com\/en\/","name":"sales of spare parts","description":"alfa romeo, fiat, lancia, spare classic-cars","publisher":{"@id":"https:\/\/www.hobbyoldcars.com\/en\/#organization"},"potentialAction":[{"@type":"SearchAction","target":{"@type":"EntryPoint","urlTemplate":"https:\/\/www.hobbyoldcars.com\/en\/?s={search_term_string}"},"query-input":{"@type":"PropertyValueSpecification","valueRequired":true,"valueName":"search_term_string"}}],"inLanguage":"en-US"},{"@type":"Organization","@id":"https:\/\/www.hobbyoldcars.com\/en\/#organization","name":"sales of spare parts","url":"https:\/\/www.hobbyoldcars.com\/en\/","logo":{"@type":"ImageObject","inLanguage":"en-US","@id":"https:\/\/www.hobbyoldcars.com\/en\/#\/schema\/logo\/image\/","url":"https:\/\/www.hobbyoldcars.com\/wp-content\/uploads\/2020\/02\/cropped-logo-per-sito.jpg","contentUrl":"https:\/\/www.hobbyoldcars.com\/wp-content\/uploads\/2020\/02\/cropped-logo-per-sito.jpg","width":271,"height":109,"caption":"sales of spare parts"},"image":{"@id":"https:\/\/www.hobbyoldcars.com\/en\/#\/schema\/logo\/image\/"},"sameAs":["https:\/\/www.facebook.com\/Hobbyoldcarscom\/"]}]}},"_links":{"self":[{"href":"https:\/\/www.hobbyoldcars.com\/en\/wp-json\/wp\/v2\/pages\/6","targetHints":{"allow":["GET"]}}],"collection":[{"href":"https:\/\/www.hobbyoldcars.com\/en\/wp-json\/wp\/v2\/pages"}],"about":[{"href":"https:\/\/www.hobbyoldcars.com\/en\/wp-json\/wp\/v2\/types\/page"}],"author":[{"embeddable":true,"href":"https:\/\/www.hobbyoldcars.com\/en\/wp-json\/wp\/v2\/users\/1"}],"replies":[{"embeddable":true,"href":"https:\/\/www.hobbyoldcars.com\/en\/wp-json\/wp\/v2\/comments?post=6"}],"version-history":[{"count":5,"href":"https:\/\/www.hobbyoldcars.com\/en\/wp-json\/wp\/v2\/pages\/6\/revisions"}],"predecessor-version":[{"id":23416,"href":"https:\/\/www.hobbyoldcars.com\/en\/wp-json\/wp\/v2\/pages\/6\/revisions\/23416"}],"wp:attachment":[{"href":"https:\/\/www.hobbyoldcars.com\/en\/wp-json\/wp\/v2\/media?parent=6"}],"wp:term":[{"taxonomy":"marchio_modello","embeddable":true,"href":"https:\/\/www.hobbyoldcars.com\/en\/wp-json\/wp\/v2\/marchio_modello?post=6"}],"curies":[{"name":"wp","href":"https:\/\/api.w.org\/{rel}","templated":true}]}}